{"id":182,"date":"2021-02-13T19:45:08","date_gmt":"2021-02-13T19:45:08","guid":{"rendered":"http:\/\/staging.lachnerhof.de\/?page_id=182"},"modified":"2021-03-01T14:03:12","modified_gmt":"2021-03-01T14:03:12","slug":"fruehstueck","status":"publish","type":"page","link":"https:\/\/www.lachnerhof.de\/?page_id=182","title":{"rendered":"Fr\u00fchst\u00fcck"},"content":{"rendered":"\n<h3 class=\"wp-block-heading\"><strong>Das Reichhaltige Fr\u00fchst\u00fccksbuffet<\/strong><\/h3>\n\n\n\n<div class=\"wp-block-media-text alignwide has-media-on-the-right is-stacked-on-mobile\"><figure class=\"wp-block-media-text__media\"><img loading=\"lazy\" decoding=\"async\" width=\"1024\" height=\"683\" src=\"http:\/\/staging.lachnerhof.de\/wp-content\/uploads\/2021\/03\/IMG_6855-1024x683.jpg\" alt=\"\" class=\"wp-image-821 size-full\" srcset=\"https:\/\/www.lachnerhof.de\/wp-content\/uploads\/2021\/03\/IMG_6855-1024x683.jpg 1024w, https:\/\/www.lachnerhof.de\/wp-content\/uploads\/2021\/03\/IMG_6855-300x200.jpg 300w, https:\/\/www.lachnerhof.de\/wp-content\/uploads\/2021\/03\/IMG_6855-768x512.jpg 768w, https:\/\/www.lachnerhof.de\/wp-content\/uploads\/2021\/03\/IMG_6855-2048x1365.jpg 2048w\" sizes=\"auto, (max-width: 1024px) 100vw, 1024px\" \/><\/figure><div class=\"wp-block-media-text__content\">\n<p>Am Fr\u00fchst\u00fccksbuffet k\u00f6nnen Sie sich mit einer Vielzahl an Speisen und Getr\u00e4nken f\u00fcr einen erlebnis- oder arbeitsreichen Tag st\u00e4rken.<\/p>\n<\/div><\/div>\n\n\n\n<p><\/p>\n\n\n\n<div class=\"alignnormal\"><div id=\"metaslider-id-503\" style=\"width: 100%;\" class=\"ml-slider-3-102-0 metaslider metaslider-flex metaslider-503 ml-slider has-dots-nav ms-theme-default\" role=\"region\" aria-label=\"Fr\u00fchst\u00fcck\" data-height=\"300\" data-width=\"700\">\n    <div id=\"metaslider_container_503\">\n        <div id=\"metaslider_503\">\n            <ul class='slides'>\n                <li style=\"display: block; width: 100%;\" class=\"slide-924 ms-image \" aria-roledescription=\"slide\" data-date=\"2021-03-01 13:53:23\" data-slide-type=\"image\"><img loading=\"lazy\" decoding=\"async\" src=\"https:\/\/www.lachnerhof.de\/wp-content\/uploads\/2021\/03\/IMG_6896-scaled-700x300.jpg\" height=\"300\" width=\"700\" alt=\"\" class=\"slider-503 slide-924 msDefaultImage\" title=\"Fr\u00fchst\u00fcck\" \/><\/li>\n                <li style=\"display: none; width: 100%;\" class=\"slide-934 ms-image \" aria-roledescription=\"slide\" data-date=\"2021-03-01 13:55:41\" data-slide-type=\"image\"><img loading=\"lazy\" decoding=\"async\" src=\"https:\/\/www.lachnerhof.de\/wp-content\/uploads\/2021\/03\/IMG_4942-scaled-700x300.jpg\" height=\"300\" width=\"700\" alt=\"\" class=\"slider-503 slide-934 msDefaultImage\" title=\"Fr\u00fchst\u00fcck\" \/><\/li>\n                <li style=\"display: none; width: 100%;\" class=\"slide-935 ms-image \" aria-roledescription=\"slide\" data-date=\"2021-03-01 13:55:41\" data-slide-type=\"image\"><img loading=\"lazy\" decoding=\"async\" src=\"https:\/\/www.lachnerhof.de\/wp-content\/uploads\/2021\/03\/IMG_4918-scaled-700x300.jpg\" height=\"300\" width=\"700\" alt=\"\" class=\"slider-503 slide-935 msDefaultImage\" title=\"Fr\u00fchst\u00fcck\" \/><\/li>\n                <li style=\"display: none; width: 100%;\" class=\"slide-939 ms-image \" aria-roledescription=\"slide\" data-date=\"2021-03-01 13:56:37\" data-slide-type=\"image\"><img loading=\"lazy\" decoding=\"async\" src=\"https:\/\/www.lachnerhof.de\/wp-content\/uploads\/2021\/03\/IMG_6897-scaled-700x300.jpg\" height=\"300\" width=\"700\" alt=\"\" class=\"slider-503 slide-939 msDefaultImage\" title=\"Fr\u00fchst\u00fcck\" \/><\/li>\n                <li style=\"display: none; width: 100%;\" class=\"slide-944 ms-image \" aria-roledescription=\"slide\" data-date=\"2021-03-01 13:58:02\" data-slide-type=\"image\"><img loading=\"lazy\" decoding=\"async\" src=\"https:\/\/www.lachnerhof.de\/wp-content\/uploads\/2021\/03\/IMG_4928-scaled-700x300.jpg\" height=\"300\" width=\"700\" alt=\"\" class=\"slider-503 slide-944 msDefaultImage\" title=\"Fr\u00fchst\u00fcck\" \/><\/li>\n                <li style=\"display: none; width: 100%;\" class=\"slide-947 ms-image \" aria-roledescription=\"slide\" data-date=\"2021-03-01 13:58:03\" data-slide-type=\"image\"><img loading=\"lazy\" decoding=\"async\" src=\"https:\/\/www.lachnerhof.de\/wp-content\/uploads\/2021\/03\/IMG_6893-scaled-700x300.jpg\" height=\"300\" width=\"700\" alt=\"\" class=\"slider-503 slide-947 msDefaultImage\" title=\"Fr\u00fchst\u00fcck\" \/><\/li>\n            <\/ul>\n        <\/div>\n        \n    <\/div>\n<\/div><\/div>\n","protected":false},"excerpt":{"rendered":"<div class=\"entry-summary\">\nDas Reichhaltige Fr\u00fchst\u00fccksbuffet Am Fr\u00fchst\u00fccksbuffet k\u00f6nnen Sie sich mit einer Vielzahl an&hellip;\n<\/div>\n<div class=\"link-more\"><a href=\"https:\/\/www.lachnerhof.de\/?page_id=182\" class=\"more-link\">Continue reading<span class=\"screen-reader-text\"> &ldquo;Fr\u00fchst\u00fcck&rdquo;<\/span>&hellip;<\/a><\/div>\n","protected":false},"author":1,"featured_media":0,"parent":0,"menu_order":0,"comment_status":"closed","ping_status":"closed","template":"page-template\/_fullwidth.php","meta":{"footnotes":""},"class_list":["post-182","page","type-page","status-publish","hentry","entry"],"_links":{"self":[{"href":"https:\/\/www.lachnerhof.de\/index.php?rest_route=\/wp\/v2\/pages\/182","targetHints":{"allow":["GET"]}}],"collection":[{"href":"https:\/\/www.lachnerhof.de\/index.php?rest_route=\/wp\/v2\/pages"}],"about":[{"href":"https:\/\/www.lachnerhof.de\/index.php?rest_route=\/wp\/v2\/types\/page"}],"author":[{"embeddable":true,"href":"https:\/\/www.lachnerhof.de\/index.php?rest_route=\/wp\/v2\/users\/1"}],"replies":[{"embeddable":true,"href":"https:\/\/www.lachnerhof.de\/index.php?rest_route=%2Fwp%2Fv2%2Fcomments&post=182"}],"version-history":[{"count":9,"href":"https:\/\/www.lachnerhof.de\/index.php?rest_route=\/wp\/v2\/pages\/182\/revisions"}],"predecessor-version":[{"id":951,"href":"https:\/\/www.lachnerhof.de\/index.php?rest_route=\/wp\/v2\/pages\/182\/revisions\/951"}],"wp:attachment":[{"href":"https:\/\/www.lachnerhof.de\/index.php?rest_route=%2Fwp%2Fv2%2Fmedia&parent=182"}],"curies":[{"name":"wp","href":"https:\/\/api.w.org\/{rel}","templated":true}]}}