{"id":167,"date":"2021-02-13T19:38:55","date_gmt":"2021-02-13T19:38:55","guid":{"rendered":"http:\/\/staging.lachnerhof.de\/?page_id=167"},"modified":"2025-10-22T09:25:18","modified_gmt":"2025-10-22T08:25:18","slug":"reservierung","status":"publish","type":"page","link":"https:\/\/www.lachnerhof.de\/?page_id=167","title":{"rendered":"Reservierung"},"content":{"rendered":"\n<h3 class=\"wp-block-heading\"><strong>Hier haben Sie die M\u00f6glichkeit, mit uns pers\u00f6nlich in Kontakt zu treten und eine Buchung zu t\u00e4tigen:<\/strong><\/h3>\n\n\n\n<p>Bitte senden Sie uns eine eMail an:<\/p>\n\n\n\n<p><a href=\"mailto:Hotel@Lachnerhof.de\"><strong>&#8230;@Lachnerhof.de<\/strong><\/a><\/p>\n\n\n\n<p>und senden uns<\/p>\n\n\n\n<p>&#8211; Name und Adresse<\/p>\n\n\n\n<p>&#8211; eMail<\/p>\n\n\n\n<p>&#8211; Telefon<\/p>\n\n\n\n<p>&#8211; Einzelzimmer\/Doppelzimmer\/Langzeitvermietung<\/p>\n\n\n\n<p>&#8211; Check-in und Check-out Datum<\/p>\n\n\n\n<p>&#8211; Ankunftszeit der G\u00e4ste \/ Kommentare<\/p>\n\n\n\n<p><\/p>\n\n\n\n<p>Diese eMail schlie\u00dft keine verbindliche Online-Buchung ab, wir setzen uns schnellstm\u00f6glich mit Ihnen in Verbindung, um die Buchung zu best\u00e4tigen.<\/p>\n","protected":false},"excerpt":{"rendered":"<div class=\"entry-summary\">\nHier haben Sie die M\u00f6glichkeit, mit uns pers\u00f6nlich in Kontakt zu treten&hellip;\n<\/div>\n<div class=\"link-more\"><a href=\"https:\/\/www.lachnerhof.de\/?page_id=167\" class=\"more-link\">Continue reading<span class=\"screen-reader-text\"> &ldquo;Reservierung&rdquo;<\/span>&hellip;<\/a><\/div>\n","protected":false},"author":1,"featured_media":0,"parent":0,"menu_order":0,"comment_status":"closed","ping_status":"closed","template":"page-template\/_fullwidth.php","meta":{"footnotes":""},"class_list":["post-167","page","type-page","status-publish","hentry","entry"],"_links":{"self":[{"href":"https:\/\/www.lachnerhof.de\/index.php?rest_route=\/wp\/v2\/pages\/167","targetHints":{"allow":["GET"]}}],"collection":[{"href":"https:\/\/www.lachnerhof.de\/index.php?rest_route=\/wp\/v2\/pages"}],"about":[{"href":"https:\/\/www.lachnerhof.de\/index.php?rest_route=\/wp\/v2\/types\/page"}],"author":[{"embeddable":true,"href":"https:\/\/www.lachnerhof.de\/index.php?rest_route=\/wp\/v2\/users\/1"}],"replies":[{"embeddable":true,"href":"https:\/\/www.lachnerhof.de\/index.php?rest_route=%2Fwp%2Fv2%2Fcomments&post=167"}],"version-history":[{"count":9,"href":"https:\/\/www.lachnerhof.de\/index.php?rest_route=\/wp\/v2\/pages\/167\/revisions"}],"predecessor-version":[{"id":1049,"href":"https:\/\/www.lachnerhof.de\/index.php?rest_route=\/wp\/v2\/pages\/167\/revisions\/1049"}],"wp:attachment":[{"href":"https:\/\/www.lachnerhof.de\/index.php?rest_route=%2Fwp%2Fv2%2Fmedia&parent=167"}],"curies":[{"name":"wp","href":"https:\/\/api.w.org\/{rel}","templated":true}]}}